{"id":1592,"date":"2025-03-14T16:53:15","date_gmt":"2025-03-14T15:53:15","guid":{"rendered":"https:\/\/digikaz.com\/?page_id=1592"},"modified":"2025-03-14T22:05:21","modified_gmt":"2025-03-14T21:05:21","slug":"suppression-compte-kaizil","status":"publish","type":"page","link":"https:\/\/digikaz.com\/index.php\/suppression-compte-kaizil\/","title":{"rendered":"Suppression compte kaizil"},"content":{"rendered":"\t\t<div data-elementor-type=\"wp-page\" data-elementor-id=\"1592\" class=\"elementor elementor-1592\">\n\t\t\t\t<div class=\"elementor-element elementor-element-bcb7b59 e-flex e-con-boxed e-con e-parent\" data-id=\"bcb7b59\" data-element_type=\"container\" data-e-type=\"container\">\n\t\t\t\t\t<div class=\"e-con-inner\">\n\t\t\t\t<div class=\"elementor-element elementor-element-85e1c22 elementor-widget elementor-widget-heading\" data-id=\"85e1c22\" data-element_type=\"widget\" data-e-type=\"widget\" data-widget_type=\"heading.default\">\n\t\t\t\t<div class=\"elementor-widget-container\">\n\t\t\t\t\t<h2 class=\"elementor-heading-title elementor-size-default\">Suppression de votre compte Ka\u00efzil<\/h2>\t\t\t\t<\/div>\n\t\t\t\t<\/div>\n\t\t\t\t<div class=\"elementor-element elementor-element-5123a50 elementor-widget elementor-widget-text-editor\" data-id=\"5123a50\" data-element_type=\"widget\" data-e-type=\"widget\" data-widget_type=\"text-editor.default\">\n\t\t\t\t<div class=\"elementor-widget-container\">\n\t\t\t\t\t\t\t\t\t<p>Comment supprimer votre compte Ka\u00efzil ?<\/p>\t\t\t\t\t\t\t\t<\/div>\n\t\t\t\t<\/div>\n\t\t\t\t<div class=\"elementor-element elementor-element-9c45f1d elementor-widget elementor-widget-text-editor\" data-id=\"9c45f1d\" data-element_type=\"widget\" data-e-type=\"widget\" data-widget_type=\"text-editor.default\">\n\t\t\t\t<div class=\"elementor-widget-container\">\n\t\t\t\t\t\t\t\t\t<p>la suppression de votre compte Ka\u00efzil se fait directement depuis l\u2019application. Pour demander la suppression de votre compte, veuillez suivre les \u00e9tapes suivantes :<\/p>\t\t\t\t\t\t\t\t<\/div>\n\t\t\t\t<\/div>\n\t\t\t\t<div class=\"elementor-element elementor-element-5bd58f4 e-n-tabs-mobile elementor-widget elementor-widget-n-tabs\" data-id=\"5bd58f4\" data-element_type=\"widget\" data-e-type=\"widget\" data-settings=\"{&quot;horizontal_scroll&quot;:&quot;disable&quot;}\" data-widget_type=\"nested-tabs.default\">\n\t\t\t\t<div class=\"elementor-widget-container\">\n\t\t\t\t\t\t\t<div class=\"e-n-tabs\" data-widget-number=\"96295156\" aria-label=\"Onglets. Ouvrez des \u00e9l\u00e9ments avec Entrer ou Espace, fermez-les avec Echape et naviguez \u00e0 l&#039;aide des touches fl\u00e9ch\u00e9es.\">\n\t\t\t<div class=\"e-n-tabs-heading\" role=\"tablist\">\n\t\t\t\t\t<button id=\"e-n-tab-title-962951561\" data-tab-title-id=\"e-n-tab-title-962951561\" class=\"e-n-tab-title\" aria-selected=\"true\" data-tab-index=\"1\" role=\"tab\" tabindex=\"0\" aria-controls=\"e-n-tab-content-962951561\" style=\"--n-tabs-title-order: 1;\">\n\t\t\t\t\t\t<span class=\"e-n-tab-title-text\">\n\t\t\t\t\u00c9tape 1\t\t\t<\/span>\n\t\t<\/button>\n\t\t\t\t<button id=\"e-n-tab-title-962951562\" data-tab-title-id=\"e-n-tab-title-962951562\" class=\"e-n-tab-title\" aria-selected=\"false\" data-tab-index=\"2\" role=\"tab\" tabindex=\"-1\" aria-controls=\"e-n-tab-content-962951562\" style=\"--n-tabs-title-order: 2;\">\n\t\t\t\t\t\t<span class=\"e-n-tab-title-text\">\n\t\t\t\t\u00c9tape 2\t\t\t<\/span>\n\t\t<\/button>\n\t\t\t\t<button id=\"e-n-tab-title-962951563\" data-tab-title-id=\"e-n-tab-title-962951563\" class=\"e-n-tab-title\" aria-selected=\"false\" data-tab-index=\"3\" role=\"tab\" tabindex=\"-1\" aria-controls=\"e-n-tab-content-962951563\" style=\"--n-tabs-title-order: 3;\">\n\t\t\t\t\t\t<span class=\"e-n-tab-title-text\">\n\t\t\t\t\u00c9tape 3\t\t\t<\/span>\n\t\t<\/button>\n\t\t\t\t<button id=\"e-n-tab-title-962951564\" data-tab-title-id=\"e-n-tab-title-962951564\" class=\"e-n-tab-title\" aria-selected=\"false\" data-tab-index=\"4\" role=\"tab\" tabindex=\"-1\" aria-controls=\"e-n-tab-content-962951564\" style=\"--n-tabs-title-order: 4;\">\n\t\t\t\t\t\t<span class=\"e-n-tab-title-text\">\n\t\t\t\t\u00c9tape 4\t\t\t<\/span>\n\t\t<\/button>\n\t\t\t\t<button id=\"e-n-tab-title-962951565\" data-tab-title-id=\"e-n-tab-title-962951565\" class=\"e-n-tab-title\" aria-selected=\"false\" data-tab-index=\"5\" role=\"tab\" tabindex=\"-1\" aria-controls=\"e-n-tab-content-962951565\" style=\"--n-tabs-title-order: 5;\">\n\t\t\t\t\t\t<span class=\"e-n-tab-title-text\">\n\t\t\t\t\u00c9tape 5\t\t\t<\/span>\n\t\t<\/button>\n\t\t\t\t\t<\/div>\n\t\t\t<div class=\"e-n-tabs-content\">\n\t\t\t\t<div id=\"e-n-tab-content-962951561\" role=\"tabpanel\" aria-labelledby=\"e-n-tab-title-962951561\" data-tab-index=\"1\" style=\"--n-tabs-title-order: 1;\" class=\"e-active elementor-element elementor-element-d83535b e-con-full e-flex e-con e-child\" data-id=\"d83535b\" data-element_type=\"container\" data-e-type=\"container\">\n\t\t<div class=\"elementor-element elementor-element-9aab2b9 e-flex e-con-boxed e-con e-child\" data-id=\"9aab2b9\" data-element_type=\"container\" data-e-type=\"container\">\n\t\t\t\t\t<div class=\"e-con-inner\">\n\t\t\t\t<div class=\"elementor-element elementor-element-8d56bdd elementor-widget elementor-widget-heading\" data-id=\"8d56bdd\" data-element_type=\"widget\" data-e-type=\"widget\" data-widget_type=\"heading.default\">\n\t\t\t\t<div class=\"elementor-widget-container\">\n\t\t\t\t\t<h3 class=\"elementor-heading-title elementor-size-default\">Acc\u00e9der aux param\u00e8tres de votre compte.<\/h3>\t\t\t\t<\/div>\n\t\t\t\t<\/div>\n\t\t\t\t<div class=\"elementor-element elementor-element-a74314c elementor-widget elementor-widget-text-editor\" data-id=\"a74314c\" data-element_type=\"widget\" data-e-type=\"widget\" data-widget_type=\"text-editor.default\">\n\t\t\t\t<div class=\"elementor-widget-container\">\n\t\t\t\t\t\t\t\t\t<ul><li><strong>Ouvrez l\u2019application Ka\u00efzil<\/strong> et connectez-vous \u00e0 votre compte.<\/li><li><strong>Acc\u00e9dez \u00e0 votre profil<\/strong>\u00a0en cliquant sur l\u2019ic\u00f4ne repr\u00e9sentant un personnage (t\u00eate et buste) dans la barre de navigation.<\/li><li><b>Cliquez sur l\u2019ic\u00f4ne des param\u00e8tres<\/b> (roue crant\u00e9e) pour ouvrir les r\u00e9glages de votre compte.<\/li><\/ul>\t\t\t\t\t\t\t\t<\/div>\n\t\t\t\t<\/div>\n\t\t\t\t\t<\/div>\n\t\t\t\t<\/div>\n\t\t\t\t<\/div>\n\t\t<div id=\"e-n-tab-content-962951562\" role=\"tabpanel\" aria-labelledby=\"e-n-tab-title-962951562\" data-tab-index=\"2\" style=\"--n-tabs-title-order: 2;\" class=\" elementor-element elementor-element-90dab42 e-con-full e-flex e-con e-child\" data-id=\"90dab42\" data-element_type=\"container\" data-e-type=\"container\">\n\t\t\t\t<div class=\"elementor-element elementor-element-b0d0cce elementor-widget elementor-widget-heading\" data-id=\"b0d0cce\" data-element_type=\"widget\" data-e-type=\"widget\" data-widget_type=\"heading.default\">\n\t\t\t\t<div class=\"elementor-widget-container\">\n\t\t\t\t\t<h3 class=\"elementor-heading-title elementor-size-default\">Faire la demande de suppression<\/h3>\t\t\t\t<\/div>\n\t\t\t\t<\/div>\n\t\t\t\t<div class=\"elementor-element elementor-element-b3ac09c elementor-widget elementor-widget-text-editor\" data-id=\"b3ac09c\" data-element_type=\"widget\" data-e-type=\"widget\" data-widget_type=\"text-editor.default\">\n\t\t\t\t<div class=\"elementor-widget-container\">\n\t\t\t\t\t\t\t\t\t<ul><li>S\u00e9lectionnez l\u2019option \u201cSupprimer mon compte\u201d.<\/li><li>Indiquez la raison de votre d\u00e9part en remplissant le formulaire pr\u00e9vu \u00e0 cet effet.<\/li><li>Cliquez sur \u201cDemander la suppression de mon compte\u201d pour envoyer votre demande.<\/li><\/ul>\t\t\t\t\t\t\t\t<\/div>\n\t\t\t\t<\/div>\n\t\t\t\t<\/div>\n\t\t<div id=\"e-n-tab-content-962951563\" role=\"tabpanel\" aria-labelledby=\"e-n-tab-title-962951563\" data-tab-index=\"3\" style=\"--n-tabs-title-order: 3;\" class=\" elementor-element elementor-element-eb29614 e-con-full e-flex e-con e-child\" data-id=\"eb29614\" data-element_type=\"container\" data-e-type=\"container\">\n\t\t\t\t<div class=\"elementor-element elementor-element-bea8b33 elementor-widget elementor-widget-heading\" data-id=\"bea8b33\" data-element_type=\"widget\" data-e-type=\"widget\" data-widget_type=\"heading.default\">\n\t\t\t\t<div class=\"elementor-widget-container\">\n\t\t\t\t\t<h3 class=\"elementor-heading-title elementor-size-default\">V\u00e9rification avant suppression<\/h3>\t\t\t\t<\/div>\n\t\t\t\t<\/div>\n\t\t\t\t<div class=\"elementor-element elementor-element-e9660e8 elementor-widget elementor-widget-text-editor\" data-id=\"e9660e8\" data-element_type=\"widget\" data-e-type=\"widget\" data-widget_type=\"text-editor.default\">\n\t\t\t\t<div class=\"elementor-widget-container\">\n\t\t\t\t\t\t\t\t\t<p>Pour garantir la s\u00e9curit\u00e9 financi\u00e8re de toutes les parties, nous devons v\u00e9rifier certaines conditions avant de supprimer d\u00e9finitivement votre compte.<\/p><p>\u2705 Aucun paiement en cours ou en attente<br \/>\u2705 Aucune r\u00e9servation en attente ou en cours dans les cat\u00e9gories suivantes :<br \/>\u2022 H\u00e9bergement : 0<br \/>\u2022 Restaurant : 0<br \/>\u2022 Loisir : 0<br \/>\u2022 Mobilit\u00e9 : 0<br \/>\u2022 Service : 0<br \/>\u2705 Aucun litige ou remboursement en cours<\/p><p>\u26a0\ufe0f Si une de ces conditions n\u2019est pas remplie, la suppression de votre compte sera mise en attente jusqu\u2019\u00e0 r\u00e9gularisation.<\/p><p>\u00a0<\/p>\t\t\t\t\t\t\t\t<\/div>\n\t\t\t\t<\/div>\n\t\t\t\t<\/div>\n\t\t<div id=\"e-n-tab-content-962951564\" role=\"tabpanel\" aria-labelledby=\"e-n-tab-title-962951564\" data-tab-index=\"4\" style=\"--n-tabs-title-order: 4;\" class=\" elementor-element elementor-element-ac11a7b e-con-full e-flex e-con e-child\" data-id=\"ac11a7b\" data-element_type=\"container\" data-e-type=\"container\">\n\t\t\t\t<div class=\"elementor-element elementor-element-c2ca443 elementor-widget elementor-widget-heading\" data-id=\"c2ca443\" data-element_type=\"widget\" data-e-type=\"widget\" data-widget_type=\"heading.default\">\n\t\t\t\t<div class=\"elementor-widget-container\">\n\t\t\t\t\t<h3 class=\"elementor-heading-title elementor-size-default\">D\u00e9lai de suppression<\/h3>\t\t\t\t<\/div>\n\t\t\t\t<\/div>\n\t\t\t\t<div class=\"elementor-element elementor-element-e8955a7 elementor-widget elementor-widget-text-editor\" data-id=\"e8955a7\" data-element_type=\"widget\" data-e-type=\"widget\" data-widget_type=\"text-editor.default\">\n\t\t\t\t<div class=\"elementor-widget-container\">\n\t\t\t\t\t\t\t\t\t<p>Une fois toutes les conditions v\u00e9rifi\u00e9es et remplies, la suppression de votre compte sera effective sous [d\u00e9lai \u00e0 pr\u00e9ciser, ex : 7 jours].<\/p>\t\t\t\t\t\t\t\t<\/div>\n\t\t\t\t<\/div>\n\t\t\t\t<\/div>\n\t\t<div id=\"e-n-tab-content-962951565\" role=\"tabpanel\" aria-labelledby=\"e-n-tab-title-962951565\" data-tab-index=\"5\" style=\"--n-tabs-title-order: 5;\" class=\" elementor-element elementor-element-98aa509 e-con-full e-flex e-con e-child\" data-id=\"98aa509\" data-element_type=\"container\" data-e-type=\"container\">\n\t\t\t\t<div class=\"elementor-element elementor-element-0d0732f elementor-widget elementor-widget-heading\" data-id=\"0d0732f\" data-element_type=\"widget\" data-e-type=\"widget\" data-widget_type=\"heading.default\">\n\t\t\t\t<div class=\"elementor-widget-container\">\n\t\t\t\t\t<h3 class=\"elementor-heading-title elementor-size-default\">Besoin d\u2019aide ?<\/h3>\t\t\t\t<\/div>\n\t\t\t\t<\/div>\n\t\t\t\t<div class=\"elementor-element elementor-element-0113ca0 elementor-widget elementor-widget-text-editor\" data-id=\"0113ca0\" data-element_type=\"widget\" data-e-type=\"widget\" data-widget_type=\"text-editor.default\">\n\t\t\t\t<div class=\"elementor-widget-container\">\n\t\t\t\t\t\t\t\t\t<p>Si vous avez des questions ou rencontrez des difficult\u00e9s, notre \u00e9quipe reste disponible pour vous aider.<\/p><p>\ud83d\udce7 Contactez-nous \u00e0 : contact@digikaz.com<\/p>\t\t\t\t\t\t\t\t<\/div>\n\t\t\t\t<\/div>\n\t\t\t\t<\/div>\n\t\t\t\t\t<\/div>\n\t\t<\/div>\n\t\t\t\t\t\t<\/div>\n\t\t\t\t<\/div>\n\t\t\t\t\t<\/div>\n\t\t\t\t<\/div>\n\t\t\t\t<\/div>\n\t\t","protected":false},"excerpt":{"rendered":"<p>Suppression de votre compte Ka\u00efzil Comment supprimer votre compte Ka\u00efzil ? la suppression de votre compte Ka\u00efzil se fait directement depuis l\u2019application. Pour demander la suppression de votre compte, veuillez suivre les \u00e9tapes suivantes : \u00c9tape 1 \u00c9tape 2 \u00c9tape 3 \u00c9tape 4 \u00c9tape 5 Acc\u00e9der aux param\u00e8tres de votre compte. Ouvrez l\u2019application Ka\u00efzil et [&hellip;]<\/p>\n","protected":false},"author":1,"featured_media":0,"parent":0,"menu_order":0,"comment_status":"closed","ping_status":"closed","template":"","meta":{"om_disable_all_campaigns":false,"_monsterinsights_skip_tracking":false,"_monsterinsights_sitenote_active":false,"_monsterinsights_sitenote_note":"","_monsterinsights_sitenote_category":0,"site-sidebar-layout":"no-sidebar","site-content-layout":"page-builder","ast-site-content-layout":"full-width-container","site-content-style":"default","site-sidebar-style":"default","ast-global-header-display":"","ast-banner-title-visibility":"","ast-main-header-display":"","ast-hfb-above-header-display":"","ast-hfb-below-header-display":"","ast-hfb-mobile-header-display":"","site-post-title":"disabled","ast-breadcrumbs-content":"","ast-featured-img":"disabled","footer-sml-layout":"","ast-disable-related-posts":"","theme-transparent-header-meta":"","adv-header-id-meta":"","stick-header-meta":"","header-above-stick-meta":"","header-main-stick-meta":"","header-below-stick-meta":"","astra-migrate-meta-layouts":"set","ast-page-background-enabled":"default","ast-page-background-meta":{"desktop":{"background-color":"var(--ast-global-color-4)","background-image":"","background-repeat":"repeat","background-position":"center center","background-size":"auto","background-attachment":"scroll","background-type":"","background-media":"","overlay-type":"","overlay-color":"","overlay-opacity":"","overlay-gradient":""},"tablet":{"background-color":"","background-image":"","background-repeat":"repeat","background-position":"center center","background-size":"auto","background-attachment":"scroll","background-type":"","background-media":"","overlay-type":"","overlay-color":"","overlay-opacity":"","overlay-gradient":""},"mobile":{"background-color":"","background-image":"","background-repeat":"repeat","background-position":"center center","background-size":"auto","background-attachment":"scroll","background-type":"","background-media":"","overlay-type":"","overlay-color":"","overlay-opacity":"","overlay-gradient":""}},"ast-content-background-meta":{"desktop":{"background-color":"var(--ast-global-color-5)","background-image":"","background-repeat":"repeat","background-position":"center center","background-size":"auto","background-attachment":"scroll","background-type":"","background-media":"","overlay-type":"","overlay-color":"","overlay-opacity":"","overlay-gradient":""},"tablet":{"background-color":"var(--ast-global-color-5)","background-image":"","background-repeat":"repeat","background-position":"center center","background-size":"auto","background-attachment":"scroll","background-type":"","background-media":"","overlay-type":"","overlay-color":"","overlay-opacity":"","overlay-gradient":""},"mobile":{"background-color":"var(--ast-global-color-5)","background-image":"","background-repeat":"repeat","background-position":"center center","background-size":"auto","background-attachment":"scroll","background-type":"","background-media":"","overlay-type":"","overlay-color":"","overlay-opacity":"","overlay-gradient":""}},"_glsr_average":0,"_glsr_ranking":0,"_glsr_reviews":0,"footnotes":""},"class_list":["post-1592","page","type-page","status-publish","hentry"],"aioseo_notices":[],"_links":{"self":[{"href":"https:\/\/digikaz.com\/index.php\/wp-json\/wp\/v2\/pages\/1592","targetHints":{"allow":["GET"]}}],"collection":[{"href":"https:\/\/digikaz.com\/index.php\/wp-json\/wp\/v2\/pages"}],"about":[{"href":"https:\/\/digikaz.com\/index.php\/wp-json\/wp\/v2\/types\/page"}],"author":[{"embeddable":true,"href":"https:\/\/digikaz.com\/index.php\/wp-json\/wp\/v2\/users\/1"}],"replies":[{"embeddable":true,"href":"https:\/\/digikaz.com\/index.php\/wp-json\/wp\/v2\/comments?post=1592"}],"version-history":[{"count":4,"href":"https:\/\/digikaz.com\/index.php\/wp-json\/wp\/v2\/pages\/1592\/revisions"}],"predecessor-version":[{"id":1597,"href":"https:\/\/digikaz.com\/index.php\/wp-json\/wp\/v2\/pages\/1592\/revisions\/1597"}],"wp:attachment":[{"href":"https:\/\/digikaz.com\/index.php\/wp-json\/wp\/v2\/media?parent=1592"}],"curies":[{"name":"wp","href":"https:\/\/api.w.org\/{rel}","templated":true}]}}